{"id":33134,"date":"2024-12-09T14:24:01","date_gmt":"2024-12-09T19:24:01","guid":{"rendered":"https:\/\/tvape.fr\/blog\/?page_id=33134"},"modified":"2024-12-11T18:38:44","modified_gmt":"2024-12-11T23:38:44","slug":"ethics-statement","status":"publish","type":"page","link":"https:\/\/tvape.fr\/blog\/ethics-statement\/","title":{"rendered":"Page Int\u00e9grit\u00e9"},"content":{"rendered":"<h2>Pourquoi faire confiance \u00e0 l\u2019avis d\u2019expert de TVape ?<\/h2>\n<p>TVape propose des avis approfondis sur diff\u00e9rents vaporisateurs depuis 2009. Nous avons assist\u00e9 \u00e0 l&rsquo;\u00e9volution de la technologie des vaporisateurs, depuis une \u00e9poque o\u00f9 ils \u00e9taient exclusivement aliment\u00e9s par secteur ou au gaz. Notre compr\u00e9hension approfondie des dynamiques du march\u00e9, des avanc\u00e9es technologiques et des pr\u00e9f\u00e9rences des consommateurs nous permet de fournir des classements fiables et bien inform\u00e9s. Notre long\u00e9vit\u00e9 dans l&rsquo;industrie t\u00e9moigne \u00e9galement de notre pertinence, autorit\u00e9, expertise et satisfaction client. En outre, la soci\u00e9t\u00e9 m\u00e8re dispose d&rsquo;un d\u00e9partement d&rsquo;ing\u00e9nierie en Allemagne, et est donc parfaitement au courant des aspects techniques et thermodynamiques des appareils.<\/p>\n<h2>Proc\u00e9dures de Test D\u00e9taill\u00e9es<\/h2>\n<p>L&rsquo;engagement de TVape envers la qualit\u00e9 est \u00e9vident dans ses proc\u00e9dures de test rigoureuses. Chaque vaporisateur subit des tests intensifs dans diff\u00e9rentes conditions pour \u00e9valuer ses performances, sa durabilit\u00e9 et sa constance. Nous testons des \u00e9l\u00e9ments tels que le temps de chauffe, la pr\u00e9cision de la temp\u00e9rature, la qualit\u00e9 de la vapeur et l&rsquo;efficacit\u00e9 de la batterie. Notre objectif principal est de mettre en \u00e9vidence \u00e0 la fois les points faibles et les points forts de chaque unit\u00e9 pour garantir aux utilisateurs une base fiable pour leurs recherches avant d&rsquo;acheter.<\/p>\n<h2>Approche Centr\u00e9e sur l&rsquo;Utilisateur<\/h2>\n<p>Sachant que les meilleures informations proviennent souvent des utilisateurs eux-m\u00eames, TVape met un fort accent sur les retours d&rsquo;exp\u00e9rience. Nous avons une grande communaut\u00e9 d&rsquo;utilisateurs qui partagent leurs exp\u00e9riences et opinions sur divers vaporisateurs. Ces retours sont pr\u00e9cieux car ils refl\u00e8tent la performance et la fiabilit\u00e9 dans des conditions r\u00e9elles. Nous int\u00e9grons les avis et notes des utilisateurs dans nos classements, et veillons \u00e0 ce que nos recommandations s&rsquo;alignent avec les pr\u00e9f\u00e9rences et besoins de notre client\u00e8le.<\/p>\n<h2>Informations \u00e0 Jour<\/h2>\n<p>Le march\u00e9 des vaporisateurs \u00e9volue constamment avec de nouveaux produits et avanc\u00e9es technologiques. TVape reste en avance en actualisant r\u00e9guli\u00e8rement ses classements pour refl\u00e9ter les derni\u00e8res offres. Nous surveillons continuellement le march\u00e9 pour les nouvelles sorties et innovations. Notre objectif est de garantir que nos recommandations sont toujours \u00e0 jour. Notre engagement \u00e0 fournir des informations actualis\u00e9es aide les utilisateurs \u00e0 rester inform\u00e9s des meilleurs et derniers vaporisateurs pour herbes s\u00e8ches disponibles. En g\u00e9n\u00e9ral, toutes les grandes marques, ou les nouveaux venus, nous sollicitent pour \u00e9valuer des produits avant leur lancement, car nous sommes l&rsquo;un des rares leaders d&rsquo;opinion sophistiqu\u00e9s dans le domaine de la vaporisation \u00e0 l&rsquo;\u00e9chelle mondiale. Nous n&rsquo;acceptons pas de paiement pour ces avis et ne commercialisons des produits qu&rsquo;apr\u00e8s avoir effectu\u00e9 notre processus de test.<\/p>\n<h2>Ressources \u00c9ducatives<\/h2>\n<p>En plus de nos classements, nous offrons une richesse de ressources \u00e9ducatives pour aider les utilisateurs \u00e0 comprendre les caract\u00e9ristiques et avantages des diff\u00e9rents vaporisateurs. Nos articles de blog, guides et tutoriels vid\u00e9o couvrent une large gamme de sujets, des conseils pour d\u00e9butants aux techniques d&rsquo;utilisation avanc\u00e9es. Nous croyons au partage de ressources pour offrir aux utilisateurs les connaissances n\u00e9cessaires afin de prendre des d\u00e9cisions \u00e9clair\u00e9es et de tirer le meilleur parti de leurs vaporisateurs. TVape renforce la confiance et la cr\u00e9dibilit\u00e9 avec ses ressources, consolidant sa position d&rsquo;autorit\u00e9 fiable dans l&rsquo;industrie des vaporisateurs.<\/p>\n<h2>Quelles sont les qualifications de notre \u00e9quipe de testeurs ?<\/h2>\n<p>Notre \u00e9quipe se sp\u00e9cialise dans les vaporisateurs, contrairement \u00e0 la plupart des marketeurs affili\u00e9s qui se concentrent sur la mon\u00e9tisation du trafic web. Notre personnel ne re\u00e7oit pas de primes ou commissions bas\u00e9es sur les ventes directement issues de nos avis. Nous sommes la plus grande \u00e9quipe mondiale d\u00e9di\u00e9e \u00e0 la cr\u00e9ation de contenus \u00ab \u00e9ducatifs \u00bb, \u00ab bas\u00e9s sur des enqu\u00eates \u00bb, d&rsquo;\u00ab avis \u00bb et de \u00ab best-of \u00bb pour les vaporisateurs. Cette position unique nous permet de mieux \u00e9valuer les meilleurs vaporisateurs pour herbes s\u00e8ches, cannabis et plus encore.<\/p>\n<p>Notre \u00e9quipe se compose de sp\u00e9cialistes exp\u00e9riment\u00e9s en contenus et produits de vaporisateurs, faisant de nous l&rsquo;\u00e9quipe d&rsquo;experts la plus exp\u00e9riment\u00e9e au monde. Nos sp\u00e9cialistes de contenu travaillent \u00e0 plein temps pour comprendre et tester les nouveaux vaporisateurs de cannabis, chanvre, herbes s\u00e8ches, concentr\u00e9s de cannabis, cires et dab. Nous avons \u00e9galement des \u00e9quipes s\u00e9par\u00e9es pour les graphiques et les vid\u00e9os.<\/p>\n<p>Notre <a href=\"https:\/\/tvape.fr\/about-us\">\u00e9quipe dirigeante<\/a>, incluant le PDG et le Directeur des Produits, est dans l&rsquo;industrie depuis ses d\u00e9buts, bien avant la l\u00e9galisation du cannabis en Allemagne et au Canada, o\u00f9 se trouvent nos bureaux. Le PDG et fondateur, dipl\u00f4m\u00e9 de l&rsquo;Universit\u00e9 de Toronto, est l&rsquo;un des plus exp\u00e9riment\u00e9s dans le domaine mondial du cannabis et des herbes s\u00e8ches. TVape a \u00e9t\u00e9 fond\u00e9 en 2009, pr\u00e9c\u00e9dant la plupart des entreprises actives dans ce domaine. Nous avons \u00e9galement un PhD en Technologie Pharmaceutique, sp\u00e9cialis\u00e9 dans les dispositifs d&rsquo;inhalation, comme Directeur de la Conformit\u00e9. Les produits de marque priv\u00e9e de TVape, d\u00e9velopp\u00e9s en interne, sont dirig\u00e9s par notre Directeur de Produits bas\u00e9 en Allemagne et titulaire d&rsquo;une ma\u00eetrise en g\u00e9nie m\u00e9canique de l&rsquo;Universit\u00e9 de Stuttgart.<\/p>\n<p>Notre \u00e9quipe cumule pr\u00e8s d&rsquo;un demi-si\u00e8cle d&rsquo;exp\u00e9rience combin\u00e9e dans le test de dispositifs de vaporisation, l&rsquo;\u00e9criture, la cr\u00e9ation de vid\u00e9os, l&rsquo;ing\u00e9nierie et le support apr\u00e8s-vente.<\/p>\n<h2>Divulgation des Affiliations<\/h2>\n<h3>Notre mod\u00e8le \u00e9conomique : Comment nous gagnons de l&rsquo;argent<\/h3>\n<p>Nous ne sommes pas des affili\u00e9s traditionnels qui gagnent des commissions lorsque vous cliquez sur des liens et achetez via des sites externes. Au lieu de cela, nous sommes une entreprise qui distribue et vend directement une large gamme de vaporisateurs de diff\u00e9rents fabricants, y compris des marques tierces et des produits exclusifs en interne.<\/p>\n<p>Notre \u00e9quipe est compos\u00e9e d&rsquo;experts ayant une exp\u00e9rience pratique des appareils que nous vendons. Cela nous permet d&rsquo;offrir des informations \u00e9clair\u00e9es et objectives qui aident nos clients \u00e0 prendre des d\u00e9cisions d&rsquo;achat \u00e9clair\u00e9es. Bien que nous cr\u00e9ions et vendions nos propres produits, nous entretenons \u00e9galement des relations solides avec des fabricants tiers, ce qui nous permet d&rsquo;offrir une gamme compl\u00e8te d&rsquo;appareils dans tous les segments du march\u00e9.<\/p>\n<h3>Marque Priv\u00e9e vs Produits de Tiers<\/h3>\n<p>Nous proposons des marques tierces ainsi que des produits de marque priv\u00e9e d\u00e9velopp\u00e9s en interne. Nos marques exclusives sont cr\u00e9\u00e9es apr\u00e8s une recherche et une analyse approfondies du march\u00e9 des vaporisateurs. Nous nous concentrons sur la compr\u00e9hension des pr\u00e9f\u00e9rences des clients, des tendances de l&rsquo;industrie et des fonctionnalit\u00e9s que les diff\u00e9rents segments de consommateurs trouvent les plus pr\u00e9cieuses.<\/p>\n<p>Notre processus de d\u00e9veloppement interne est bas\u00e9 sur les donn\u00e9es et soutenu par une compr\u00e9hension approfondie de la demande des consommateurs. Cela nous permet de concevoir des produits qui r\u00e9pondent \u00e0 des besoins sp\u00e9cifiques du march\u00e9, allant des options \u00e9conomiques aux appareils haut de gamme avec des fonctionnalit\u00e9s avanc\u00e9es. Le fait que nous contr\u00f4lions chaque aspect de ces produits &#8211; du d\u00e9veloppement au service client &#8211; nous donne naturellement une meilleure familiarit\u00e9 avec eux. Cette transparence rend \u00e9galement plus probable que nous recommandions de telles marques de marque priv\u00e9e ou les utilisions comme points de r\u00e9f\u00e9rence relatifs dans d&rsquo;autres avis.<\/p>\n<h3>Transparence dans les Avis de Produits<\/h3>\n<p>En raison de la recherche et du d\u00e9veloppement approfondis investis dans nos produits de marque priv\u00e9e, nous les utilisons souvent comme points de r\u00e9f\u00e9rence lors de l&rsquo;examen et de la comparaison des vaporisateurs. Notre familiarit\u00e9 avec ces appareils nous permet d&rsquo;offrir des comparaisons plus d\u00e9taill\u00e9es et perspicaces, ce qui est une des raisons pour lesquelles ils peuvent appara\u00eetre plus fr\u00e9quemment dans nos avis.<\/p>\n<p>Cependant, il est important de souligner que nous nous effor\u00e7ons de rester objectifs lorsque nous discutons des produits tiers. Nous reconnaissons que certains fabricants peuvent produire des appareils qui sont sup\u00e9rieurs dans certains aspects \u00e0 nos produits internes, et nous en sommes transparents. Notre objectif est de fournir une \u00e9valuation honn\u00eate et \u00e9quilibr\u00e9e de chaque appareil, quelle que soit sa marque. Cependant, il est fortement conseill\u00e9 de mener une recherche approfondie incluant d&rsquo;autres leaders d&rsquo;opinion dans le domaine afin d&rsquo;obtenir une compr\u00e9hension la plus compl\u00e8te possible avant de prendre une d\u00e9cision d&rsquo;achat.<\/p>\n<h3>\u00c9quilibrer nos Pr\u00e9f\u00e9rences et l&rsquo;Objectivit\u00e9<\/h3>\n<p>Bien que nous croyions en la qualit\u00e9 de nos produits de marque priv\u00e9e, nous reconnaissons \u00e9galement l&rsquo;importance de l&rsquo;impartialit\u00e9. Nous travaillons dur pour nous assurer que notre pr\u00e9f\u00e9rence pour ces appareils, motiv\u00e9e par notre connaissance intime de leur d\u00e9veloppement par rapport \u00e0 la demande des consommateurs, ne compromet pas l&rsquo;objectivit\u00e9 de nos avis. Si nous \u00e9chouons dans ce domaine, nous vous prions de nous excuser et vous recommandons vivement de consulter d&rsquo;autres sources d&rsquo;information. Soyez cependant assur\u00e9 que toutes les marques de marque priv\u00e9e offrent des politiques de retour parmi les meilleures du march\u00e9.<\/p>\n<p>Par exemple, nous entretenons de solides relations avec des marques tierces majeures telles que Arizer, Crossing Tech, Storz &#038; Bickel, Linx, Pax, Puffco, Dr Dabber, FocusV et d&rsquo;autres. Ces partenariats nous permettent d&rsquo;offrir une large s\u00e9lection de vaporisateurs de haute qualit\u00e9. Lors de l&rsquo;examen ou de la recommandation de produits tiers, nous nous assurons de mettre en \u00e9vidence non seulement leurs points forts, mais aussi leurs \u00e9ventuelles faiblesses, afin que les clients puissent prendre des d\u00e9cisions pleinement inform\u00e9es.<\/p>\n<h3>Liens d&rsquo;Affiliation et notre Structure de Vente Unique<\/h3>\n<p>Contrairement \u00e0 de nombreux autres d\u00e9taillants de vaporisateurs, nous ne d\u00e9pendons pas de liens d&rsquo;affiliation traditionnels pour g\u00e9n\u00e9rer des revenus. Nous ne gagnons pas de commissions lorsque vous cliquez sur des liens externes pour acheter des produits. Au lieu de cela, nous vendons directement les produits par le biais de notre propre magasin. Cela nous donne un meilleur contr\u00f4le sur la qualit\u00e9 des produits que nous proposons, le niveau de service client que nous fournissons et l&rsquo;exp\u00e9rience apr\u00e8s-vente, y compris les garanties et le support. Les affili\u00e9s, d&rsquo;un point de vue commercial, sont plus susceptibles de recommander n&rsquo;importe quel produit car ils ne traiteront pas des cons\u00e9quences apr\u00e8s-vente de leurs recommandations. Nous ne recommandons pas chaque produit, et pouvons \u00eatre plus objectifs dans l&rsquo;ensemble car nous disposons d&rsquo;un produit adapt\u00e9 \u00e0 chaque client, et notre portefeuille n&rsquo;est pas limit\u00e9 aux seules marques qui offrent une commission d&rsquo;affiliation.<\/p>\n<p>Avec les produits de marques tierces, nous nous effor\u00e7ons d&rsquo;offrir le m\u00eame niveau de service que pour nos produits de marque priv\u00e9e. Dans certains cas, nous sommes en mesure de prendre en charge les garanties et les services clients pour les marques tierces achet\u00e9es via notre magasin, ce qui assure une exp\u00e9rience plus fluide pour nos clients. Dans d&rsquo;autres cas, certains fabricants ne nous permettent pas de prendre en charge les clients au-del\u00e0 d&rsquo;un certain point apr\u00e8s l&rsquo;achat. Veuillez consulter la section sur la garantie du fabricant sur chaque page de produit.<\/p>\n<p>En somme, veuillez noter que nous ne sommes pas oblig\u00e9s de recommander uniquement des produits avec commission d&rsquo;affiliation, et que notre mod\u00e8le commercial nous permet d&rsquo;\u00eatre suffisamment diversifi\u00e9s pour vous donner autant d&rsquo;informations sur chaque appareil et vous laisser choisir ce qui vous convient le mieux. Au final, si vous estimez que nous avons fait du bon travail, vous pouvez nous r\u00e9compenser par votre achat et nous nous engageons \u00e0 vous satisfaire et \u00e0 prendre en charge vos besoins en service client s&rsquo;ils se pr\u00e9sentent.<\/p>\n<h3>Service Client et Support de Garantie<\/h3>\n<p>L&rsquo;une des raisons pour lesquelles nous croyons en nos produits de marque priv\u00e9e est le niveau de support apr\u00e8s-vente que nous offrons. Parce que nous contr\u00f4lons chaque aspect du parcours client &#8211; y compris le service client et les r\u00e9clamations de garantie &#8211; nous pouvons \u00eatre plus r\u00e9actifs et proactifs dans la gestion de tout probl\u00e8me qui pourrait survenir. En revanche, avec les produits de marques tierces, nous avons parfois moins de contr\u00f4le sur la gestion de la garantie et du support client, selon les politiques du fabricant.<\/p>\n<p>Cela dit, nous faisons de notre mieux pour travailler avec des marques tierces qui partagent nos valeurs et offrent un support client solide. En proposant \u00e0 la fois nos propres produits et des options tierces, nous visons \u00e0 offrir la meilleure exp\u00e9rience possible \u00e0 nos clients, quel que soit l&rsquo;appareil qu&rsquo;ils choisissent.<\/p>\n<p>Veuillez noter que chaque interaction de ticket de service client peut \u00eatre \u00e9valu\u00e9e par un client en bas de l&rsquo;e-mail. Si l&rsquo;interaction est not\u00e9e tr\u00e8s bas, un superviseur examinera automatiquement le cas et essaiera d&rsquo;\u00e9valuer si une exception peut \u00eatre faite pour satisfaire le client. Si vous pensez que nous ne vous avons pas trait\u00e9 de mani\u00e8re juste ou ne vous avons pas suffisamment satisfait, vous pouvez laisser un avis d&rsquo;une \u00e9toile sur un profil de revue publique non g\u00e9r\u00e9 par TVape, comme Google My Business ou Trustpilot. Cela attirera certainement l&rsquo;attention d&rsquo;un superviseur qui fera tout son possible pour r\u00e9pondre \u00e0 vos besoins et transformer votre avis d&rsquo;une \u00e9toile en un avis de 5 \u00e9toiles. Nous divulguons ouvertement cette m\u00e9thodologie avec nos clients pour nous assurer que notre organisation fait de la satisfaction des clients son objectif principal.<\/p>\n<h3>Engagement pour des Pratiques de Vente \u00c9thiques<\/h3>\n<p>Nous comprenons que notre r\u00f4le en tant que d\u00e9taillant, \u00e9valuateur et fabricant peut soulever des questions sur les biais. C&rsquo;est pourquoi nous nous engageons \u00e0 la transparence par le biais de cette divulgation sur cette page. Nous encourageons tous nos lecteurs \u00e0 faire leurs propres recherches, \u00e0 consulter plusieurs sources et \u00e0 explorer diff\u00e9rentes plateformes avant de prendre une d\u00e9cision d&rsquo;achat.<\/p>\n<p>Nous vous encourageons \u00e9galement \u00e0 contacter notre service PR ou service client directement si vous pensez qu&rsquo;il existe des moyens d&rsquo;am\u00e9liorer nos services. Vous pouvez \u00e9galement commenter nos vid\u00e9os sur YouTube ou ajouter notre personnel de direction sur LinkedIn ou X pour attirer notre attention sur votre id\u00e9e ou probl\u00e8me.<\/p>\n<p>Notre entreprise op\u00e8re dans un march\u00e9 capitaliste et, comme toute entreprise, nous visons \u00e0 r\u00e9aliser des b\u00e9n\u00e9fices, \u00e0 am\u00e9liorer la vie de notre personnel et \u00e0 satisfaire nos clients. Cependant, maintenir la confiance avec notre audience est notre priorit\u00e9 absolue, car c&rsquo;est un pilier central qui nous permet de prendre soin de nos employ\u00e9s et de nos clients. Nous croyons qu&rsquo;en fournissant des informations honn\u00eates et compl\u00e8tes sur tous les produits &#8211; qu&rsquo;ils soient de marques tierces ou les n\u00f4tres &#8211; nous pouvons aider les clients \u00e0 prendre les meilleures d\u00e9cisions pour leurs besoins individuels.<\/p>\n","protected":false},"excerpt":{"rendered":"<p>Pourquoi faire confiance \u00e0 l\u2019avis d\u2019expert de TVape ? TVape propose des avis approfondis sur diff\u00e9rents vaporisateurs depuis 2009. Nous avons assist\u00e9 \u00e0 l&rsquo;\u00e9volution de la technologie des vaporisateurs, depuis une \u00e9poque o\u00f9 ils \u00e9taient exclusivement aliment\u00e9s par secteur ou au gaz. Notre compr\u00e9hension approfondie des dynamiques du march\u00e9, des avanc\u00e9es technologiques et des pr\u00e9f\u00e9rences<\/p>\n<div class=\"read-more\"><a href=\"https:\/\/tvape.fr\/blog\/ethics-statement\/\" title=\"Read More\">Read More<\/a><\/div>\n","protected":false},"author":37,"featured_media":0,"parent":0,"menu_order":0,"comment_status":"closed","ping_status":"closed","template":"","meta":{"_acf_changed":false,"footnotes":""},"class_list":["post-33134","page","type-page","status-publish"],"acf":[],"yoast_head":"<!-- This site is optimized with the Yoast SEO Premium plugin v25.0 (Yoast SEO v25.0) - https:\/\/yoast.com\/wordpress\/plugins\/seo\/ -->\n<title>Page Int\u00e9grit\u00e9 - TVape.fr Blog<\/title>\n<meta name=\"description\" content=\"Pourquoi faire confiance \u00e0 l\u2019avis d\u2019expert de TVape ? TVape propose des avis approfondis sur diff\u00e9rents vaporisateurs depuis 2009. Nous avons assist\u00e9 \u00e0\" \/>\n<meta property=\"og:locale\" content=\"fr_FR\" \/>\n<meta property=\"og:type\" content=\"article\" \/>\n<meta property=\"og:title\" content=\"Page Int\u00e9grit\u00e9\" \/>\n<meta property=\"og:description\" content=\"Pourquoi faire confiance \u00e0 l\u2019avis d\u2019expert de TVape ? TVape propose des avis approfondis sur diff\u00e9rents vaporisateurs depuis 2009. Nous avons assist\u00e9 \u00e0\" \/>\n<meta property=\"og:url\" content=\"https:\/\/tvape.fr\/blog\/ethics-statement\/\" \/>\n<meta property=\"og:site_name\" content=\"TVape.fr Blog\" \/>\n<meta property=\"article:modified_time\" content=\"2024-12-11T23:38:44+00:00\" \/>\n<meta name=\"twitter:label1\" content=\"Dur\u00e9e de lecture estim\u00e9e\" \/>\n\t<meta name=\"twitter:data1\" content=\"12 minutes\" \/>\n<script type=\"application\/ld+json\" class=\"yoast-schema-graph\">{\"@context\":\"https:\/\/schema.org\",\"@graph\":[{\"@type\":\"BreadcrumbList\",\"itemListElement\":[{\"@type\":\"ListItem\",\"position\":1,\"name\":\"Home\",\"item\":\"https:\/\/tvape.fr\/\"},{\"@type\":\"ListItem\",\"position\":2,\"name\":\"Blog\",\"item\":\"https:\/\/tvape.fr\/blog\/\"},{\"@type\":\"ListItem\",\"position\":3,\"name\":\"Page Int\u00e9grit\u00e9\"}]},{\"@type\":\"WebSite\",\"@id\":\"https:\/\/tvape.fr\/blog\/#website\",\"url\":\"https:\/\/tvape.fr\/blog\/\",\"name\":\"TVape.fr Blog\",\"description\":\"\",\"publisher\":{\"@id\":\"https:\/\/tvape.fr\/blog\/#organization\"},\"inLanguage\":\"fr-FR\"},{\"@type\":\"Organization\",\"@id\":\"https:\/\/tvape.fr\/blog\/#organization\",\"name\":\"TVape.fr Blog\",\"url\":\"https:\/\/tvape.fr\/blog\/\",\"logo\":{\"@type\":\"ImageObject\",\"inLanguage\":\"fr-FR\",\"@id\":\"https:\/\/tvape.fr\/blog\/#\/schema\/logo\/image\/\",\"url\":\"https:\/\/tvape.fr\/blog\/wp-content\/uploads\/2020\/09\/tvape_blog.png\",\"contentUrl\":\"https:\/\/tvape.fr\/blog\/wp-content\/uploads\/2020\/09\/tvape_blog.png\",\"width\":212,\"height\":69,\"caption\":\"TVape.fr Blog\"},\"image\":{\"@id\":\"https:\/\/tvape.fr\/blog\/#\/schema\/logo\/image\/\"}}]}<\/script>\n<!-- \/ Yoast SEO Premium plugin. -->","yoast_head_json":{"title":"Page Int\u00e9grit\u00e9 - TVape.fr Blog","description":"Pourquoi faire confiance \u00e0 l\u2019avis d\u2019expert de TVape ? TVape propose des avis approfondis sur diff\u00e9rents vaporisateurs depuis 2009. Nous avons assist\u00e9 \u00e0","og_locale":"fr_FR","og_type":"article","og_title":"Page Int\u00e9grit\u00e9","og_description":"Pourquoi faire confiance \u00e0 l\u2019avis d\u2019expert de TVape ? TVape propose des avis approfondis sur diff\u00e9rents vaporisateurs depuis 2009. Nous avons assist\u00e9 \u00e0","og_url":"https:\/\/tvape.fr\/blog\/ethics-statement\/","og_site_name":"TVape.fr Blog","article_modified_time":"2024-12-11T23:38:44+00:00","twitter_misc":{"Dur\u00e9e de lecture estim\u00e9e":"12 minutes"},"schema":{"@context":"https:\/\/schema.org","@graph":[{"@type":"BreadcrumbList","itemListElement":[{"@type":"ListItem","position":1,"name":"Home","item":"https:\/\/tvape.fr\/"},{"@type":"ListItem","position":2,"name":"Blog","item":"https:\/\/tvape.fr\/blog\/"},{"@type":"ListItem","position":3,"name":"Page Int\u00e9grit\u00e9"}]},{"@type":"WebSite","@id":"https:\/\/tvape.fr\/blog\/#website","url":"https:\/\/tvape.fr\/blog\/","name":"TVape.fr Blog","description":"","publisher":{"@id":"https:\/\/tvape.fr\/blog\/#organization"},"inLanguage":"fr-FR"},{"@type":"Organization","@id":"https:\/\/tvape.fr\/blog\/#organization","name":"TVape.fr Blog","url":"https:\/\/tvape.fr\/blog\/","logo":{"@type":"ImageObject","inLanguage":"fr-FR","@id":"https:\/\/tvape.fr\/blog\/#\/schema\/logo\/image\/","url":"https:\/\/tvape.fr\/blog\/wp-content\/uploads\/2020\/09\/tvape_blog.png","contentUrl":"https:\/\/tvape.fr\/blog\/wp-content\/uploads\/2020\/09\/tvape_blog.png","width":212,"height":69,"caption":"TVape.fr Blog"},"image":{"@id":"https:\/\/tvape.fr\/blog\/#\/schema\/logo\/image\/"}}]}},"_links":{"self":[{"href":"https:\/\/tvape.fr\/blog\/wp-json\/wp\/v2\/pages\/33134","targetHints":{"allow":["GET"]}}],"collection":[{"href":"https:\/\/tvape.fr\/blog\/wp-json\/wp\/v2\/pages"}],"about":[{"href":"https:\/\/tvape.fr\/blog\/wp-json\/wp\/v2\/types\/page"}],"author":[{"embeddable":true,"href":"https:\/\/tvape.fr\/blog\/wp-json\/wp\/v2\/users\/37"}],"replies":[{"embeddable":true,"href":"https:\/\/tvape.fr\/blog\/wp-json\/wp\/v2\/comments?post=33134"}],"version-history":[{"count":6,"href":"https:\/\/tvape.fr\/blog\/wp-json\/wp\/v2\/pages\/33134\/revisions"}],"predecessor-version":[{"id":33183,"href":"https:\/\/tvape.fr\/blog\/wp-json\/wp\/v2\/pages\/33134\/revisions\/33183"}],"wp:attachment":[{"href":"https:\/\/tvape.fr\/blog\/wp-json\/wp\/v2\/media?parent=33134"}],"curies":[{"name":"wp","href":"https:\/\/api.w.org\/{rel}","templated":true}]}}